{"id":560,"date":"2022-09-09T11:58:58","date_gmt":"2022-09-09T09:58:58","guid":{"rendered":"https:\/\/staging.dentmexclinic.com\/?page_id=560"},"modified":"2023-05-18T23:30:27","modified_gmt":"2023-05-18T21:30:27","slug":"trajtime-stomatologjike","status":"publish","type":"page","link":"https:\/\/dentmexclinic.com\/en\/trajtime-stomatologjike\/","title":{"rendered":"TREATMENTS"},"content":{"rendered":"\n  <div class=\"banner has-hover\" id=\"banner-128494158\">\n          <div class=\"banner-inner fill\">\n        <div class=\"banner-bg fill\" >\n            <img loading=\"lazy\" decoding=\"async\" width=\"2048\" height=\"1366\" src=\"https:\/\/dentmexclinic.com\/wp-content\/uploads\/2022\/07\/Dent-MEX-Ordinanca-Stomatologjike-15.jpg\" class=\"bg attachment-original size-original\" alt=\"Dentist in Pristina\" \/>                        <div class=\"overlay\"><\/div>            \n                    <\/div>\n\t\t\n        <div class=\"banner-layers container\">\n            <div class=\"fill banner-link\"><\/div>            \n   <div id=\"text-box-1405629295\" class=\"text-box banner-layer x50 md-x0 lg-x0 y70 md-y50 lg-y50 res-text\">\n                                <div class=\"text-box-content text dark\">\n              \n              <div class=\"text-inner text-left\">\n                  \n\t<div id=\"text-2398914449\" class=\"text\">\n\t\t\n<h6 class=\"uppercase\">Dent Mex<\/h6>\n<h2 class=\"uppercase\"><span style=\"font-size: 100%;\">Trajtimet<\/span><\/h2>\n<p>P\u00ebrmir\u00ebsimi i buz\u00ebqeshjes<\/p>\n\t\t\n<style>\n#text-2398914449 {\n  font-size: 0.8rem;\n  text-align: left;\n}\n@media (min-width:550px) {\n  #text-2398914449 {\n    font-size: 1.3rem;\n  }\n}\n<\/style>\n\t<\/div>\n\t\n              <\/div>\n           <\/div>\n                            \n<style>\n#text-box-1405629295 {\n  width: 95%;\n}\n#text-box-1405629295 .text-box-content {\n  font-size: 100%;\n}\n@media (min-width:550px) {\n  #text-box-1405629295 {\n    width: 55%;\n  }\n}\n<\/style>\n    <\/div>\n \n        <\/div>\n      <\/div>\n\n            \n<style>\n#banner-128494158 {\n  padding-top: 480px;\n}\n#banner-128494158 .overlay {\n  background-color: rgba(0,0,0,.5);\n}\n#banner-128494158 .banner-bg img {\n  object-position: 45% 0%;\n}\n@media (min-width:550px) {\n  #banner-128494158 {\n    padding-top: 620px;\n  }\n}\n<\/style>\n  <\/div>\n\n\n\n\t<section class=\"section\" id=\"section_1942486755\">\n\t\t<div class=\"section-bg fill\" >\n\t\t\t\t\t\t\t\t\t\n\t\t\t\n\n\t\t<\/div>\n\n\t\t\n\n\t\t<div class=\"section-content relative\">\n\t\t\t\n<div class=\"row\"  id=\"row-911679599\">\n\n\t<div id=\"col-1271634768\" class=\"col small-12 large-12\"  >\n\t\t\t\t<div class=\"col-inner\"  >\n\t\t\t\n\t\t\t\n<div id=\"portfolio-331057350\" class=\"portfolio-element-wrapper has-filtering\">\n  \n    <div class=\"row large-columns-4 medium-columns-3 small-columns-2 row-small\" >\n    <div class=\"col\" data-terms=\"[&quot;Smile Transformations&quot;]\" >\n          <div class=\"col-inner\" style=\"border-radius:2%;\">\n          <a href=\"https:\/\/dentmexclinic.com\/en\/treatments\/smile-transformations\/dent-mex-emax-prime-veneers-crowns\/\" class=\"plain \">\n          <div class=\"portfolio-box box has-hover\">\n            <div class=\"box-image\" style=\"border-radius:2%;\">\n                <div class=\"image-glow image-cover\" style=\"padding-top:100%;\">\n                <img loading=\"lazy\" decoding=\"async\" width=\"900\" height=\"900\" src=\"https:\/\/dentmexclinic.com\/wp-content\/uploads\/2022\/10\/Emax-Prime-250E.jpeg\" class=\"attachment-original size-original\" alt=\"\" srcset=\"https:\/\/dentmexclinic.com\/wp-content\/uploads\/2022\/10\/Emax-Prime-250E.jpeg 900w, https:\/\/dentmexclinic.com\/wp-content\/uploads\/2022\/10\/Emax-Prime-250E-300x300.jpeg 300w, https:\/\/dentmexclinic.com\/wp-content\/uploads\/2022\/10\/Emax-Prime-250E-150x150.jpeg 150w, https:\/\/dentmexclinic.com\/wp-content\/uploads\/2022\/10\/Emax-Prime-250E-768x768.jpeg 768w, https:\/\/dentmexclinic.com\/wp-content\/uploads\/2022\/10\/Emax-Prime-250E-12x12.jpeg 12w\" sizes=\"auto, (max-width: 900px) 100vw, 900px\" \/>                                                <\/div>\n            <\/div>\n            <div class=\"box-text text-center is-large\" >\n                  <div class=\"box-text-inner\">\n                      <h6 class=\"uppercase portfolio-box-title\">Dent Mex Emax Prime Veneers Kurora<\/h6>\n                      <p class=\"uppercase portfolio-box-category is-xsmall op-6\">\n                        <span class=\"show-on-hover\">\n                         Smile Transformations                        <\/span>\n                      <\/p>\n                  <\/div>\n            <\/div>\n           <\/div>\n           <\/a>\n           <\/div>\n           <\/div><div class=\"col\" data-terms=\"[&quot;Smile Transformations&quot;]\" >\n          <div class=\"col-inner\" style=\"border-radius:2%;\">\n          <a href=\"https:\/\/dentmexclinic.com\/en\/treatments\/smile-transformations\/ips-emax-veneers-crowns\/\" class=\"plain \">\n          <div class=\"portfolio-box box has-hover\">\n            <div class=\"box-image\" style=\"border-radius:2%;\">\n                <div class=\"image-glow image-cover\" style=\"padding-top:100%;\">\n                <img loading=\"lazy\" decoding=\"async\" width=\"2048\" height=\"2048\" src=\"https:\/\/dentmexclinic.com\/wp-content\/uploads\/2022\/10\/00001.jpg\" class=\"attachment-original size-original\" alt=\"\" srcset=\"https:\/\/dentmexclinic.com\/wp-content\/uploads\/2022\/10\/00001.jpg 2048w, https:\/\/dentmexclinic.com\/wp-content\/uploads\/2022\/10\/00001-300x300.jpg 300w, https:\/\/dentmexclinic.com\/wp-content\/uploads\/2022\/10\/00001-1024x1024.jpg 1024w, https:\/\/dentmexclinic.com\/wp-content\/uploads\/2022\/10\/00001-150x150.jpg 150w, https:\/\/dentmexclinic.com\/wp-content\/uploads\/2022\/10\/00001-768x768.jpg 768w, https:\/\/dentmexclinic.com\/wp-content\/uploads\/2022\/10\/00001-1536x1536.jpg 1536w, https:\/\/dentmexclinic.com\/wp-content\/uploads\/2022\/10\/00001-12x12.jpg 12w\" sizes=\"auto, (max-width: 2048px) 100vw, 2048px\" \/>                                                <\/div>\n            <\/div>\n            <div class=\"box-text text-center is-large\" >\n                  <div class=\"box-text-inner\">\n                      <h6 class=\"uppercase portfolio-box-title\">Dent Mex IPS Emax Veneers Kurora<\/h6>\n                      <p class=\"uppercase portfolio-box-category is-xsmall op-6\">\n                        <span class=\"show-on-hover\">\n                         Smile Transformations                        <\/span>\n                      <\/p>\n                  <\/div>\n            <\/div>\n           <\/div>\n           <\/a>\n           <\/div>\n           <\/div><div class=\"col\" data-terms=\"[&quot;Smile Transformations&quot;]\" >\n          <div class=\"col-inner\" style=\"border-radius:2%;\">\n          <a href=\"https:\/\/dentmexclinic.com\/en\/treatments\/smile-transformations\/zirconia-multilayer-crowns-or-veneers\/\" class=\"plain \">\n          <div class=\"portfolio-box box has-hover\">\n            <div class=\"box-image\" style=\"border-radius:2%;\">\n                <div class=\"image-glow image-cover\" style=\"padding-top:100%;\">\n                <img loading=\"lazy\" decoding=\"async\" width=\"900\" height=\"900\" src=\"https:\/\/dentmexclinic.com\/wp-content\/uploads\/2022\/10\/Zirkon-Multilayer-210E.jpeg\" class=\"attachment-original size-original\" alt=\"\" srcset=\"https:\/\/dentmexclinic.com\/wp-content\/uploads\/2022\/10\/Zirkon-Multilayer-210E.jpeg 900w, https:\/\/dentmexclinic.com\/wp-content\/uploads\/2022\/10\/Zirkon-Multilayer-210E-300x300.jpeg 300w, https:\/\/dentmexclinic.com\/wp-content\/uploads\/2022\/10\/Zirkon-Multilayer-210E-150x150.jpeg 150w, https:\/\/dentmexclinic.com\/wp-content\/uploads\/2022\/10\/Zirkon-Multilayer-210E-768x768.jpeg 768w, https:\/\/dentmexclinic.com\/wp-content\/uploads\/2022\/10\/Zirkon-Multilayer-210E-12x12.jpeg 12w\" sizes=\"auto, (max-width: 900px) 100vw, 900px\" \/>                                                <\/div>\n            <\/div>\n            <div class=\"box-text text-center is-large\" >\n                  <div class=\"box-text-inner\">\n                      <h6 class=\"uppercase portfolio-box-title\">Zirconia Multilayer Veneers ose Kurora<\/h6>\n                      <p class=\"uppercase portfolio-box-category is-xsmall op-6\">\n                        <span class=\"show-on-hover\">\n                         Smile Transformations                        <\/span>\n                      <\/p>\n                  <\/div>\n            <\/div>\n           <\/div>\n           <\/a>\n           <\/div>\n           <\/div><div class=\"col\" data-terms=\"[&quot;Smile Transformations&quot;]\" >\n          <div class=\"col-inner\" style=\"border-radius:2%;\">\n          <a href=\"https:\/\/dentmexclinic.com\/en\/treatments\/smile-transformations\/osstem-dental-implants\/\" class=\"plain \">\n          <div class=\"portfolio-box box has-hover\">\n            <div class=\"box-image\" style=\"border-radius:2%;\">\n                <div class=\"image-glow image-cover\" style=\"padding-top:100%;\">\n                <img loading=\"lazy\" decoding=\"async\" width=\"720\" height=\"460\" src=\"https:\/\/dentmexclinic.com\/wp-content\/uploads\/2022\/10\/business01.4a5ba6d4.jpg\" class=\"attachment-original size-original\" alt=\"Dent Mex Implants\" srcset=\"https:\/\/dentmexclinic.com\/wp-content\/uploads\/2022\/10\/business01.4a5ba6d4.jpg 720w, https:\/\/dentmexclinic.com\/wp-content\/uploads\/2022\/10\/business01.4a5ba6d4-300x192.jpg 300w, https:\/\/dentmexclinic.com\/wp-content\/uploads\/2022\/10\/business01.4a5ba6d4-18x12.jpg 18w\" sizes=\"auto, (max-width: 720px) 100vw, 720px\" \/>                                                <\/div>\n            <\/div>\n            <div class=\"box-text text-center is-large\" >\n                  <div class=\"box-text-inner\">\n                      <h6 class=\"uppercase portfolio-box-title\">Implanti Dentar Osstem<\/h6>\n                      <p class=\"uppercase portfolio-box-category is-xsmall op-6\">\n                        <span class=\"show-on-hover\">\n                         Smile Transformations                        <\/span>\n                      <\/p>\n                  <\/div>\n            <\/div>\n           <\/div>\n           <\/a>\n           <\/div>\n           <\/div><\/div><\/div>\n<div class=\"row align-middle align-center\"  id=\"row-1369567907\">\n\n\t<div id=\"col-144084074\" class=\"col medium-7 small-12 large-7\"  >\n\t\t\t\t<div class=\"col-inner\"  >\n\t\t\t\n\t\t\t\n<p>Klinika Dent Mex \u00ebsht\u00eb nj\u00eb klinik\u00eb dentare e teknologjis\u00eb s\u00eb lart\u00eb n\u00eb Prishtin\u00eb, Kosov\u00eb.<\/p>\n<p>Ne ofrojm\u00eb nj\u00eb gam\u00eb t\u00eb gjer\u00eb trajtimesh dentare \/ stomatologjike duke p\u00ebrfshir\u00eb:<\/p>\n<ul>\n<li class=\"bullet-arrow\">Fasetat<\/li>\n<li class=\"bullet-arrow\">Kurora<\/li>\n<li class=\"bullet-arrow\">Drejtues transparente<\/li>\n<li class=\"bullet-arrow\">Ortodonci<\/li>\n<li class=\"bullet-arrow\">dhe transformime totale t\u00eb buz\u00ebqeshjes<\/li>\n<\/ul>\n<p>Stomatolog n\u00eb Prishtin\u00eb, Kosov\u00eb.<\/p>\n\t\t<\/div>\n\t\t\t\t\t<\/div>\n\n\t\n<\/div>\n\t\t<\/div>\n\t\t\t\t\n<style>\n#col-1271634768 > .col-inner {\n  margin: -120px 0px 0px 0px;\n}\n<\/style>\n\t<\/div>\n\n\t\n<\/div>\n\t\t<\/div>\n\n\t\t\n<style>\n#section_1942486755 {\n  padding-top: 30px;\n  padding-bottom: 30px;\n}\n<\/style>\n\t<\/section>\n\t\n","protected":false},"excerpt":{"rendered":"","protected":false},"author":1,"featured_media":125,"parent":0,"menu_order":0,"comment_status":"closed","ping_status":"closed","template":"page-transparent-header-light.php","meta":{"footnotes":""},"class_list":["post-560","page","type-page","status-publish","has-post-thumbnail","hentry"],"yoast_head":"<!-- This site is optimized with the Yoast SEO Premium plugin v23.3 (Yoast SEO v27.3) - https:\/\/yoast.com\/product\/yoast-seo-premium-wordpress\/ -->\n<title>Stomatolog ne Prishtine -Dent MEX<\/title>\n<meta name=\"description\" content=\"Stomatolog ne Prishtin\u00eb, Kosov\u00eb. - P\u00ebr m\u00eb shum\u00eb, shihni para dhe pas trajtimeve - Dentist n\u00eb Prishtin\u00eb, Klinika Dent Mex.\" \/>\n<meta name=\"robots\" content=\"index, follow, max-snippet:-1, max-image-preview:large, max-video-preview:-1\" \/>\n<link rel=\"canonical\" href=\"https:\/\/dentmexclinic.com\/en\/trajtime-stomatologjike\/\" \/>\n<meta property=\"og:locale\" content=\"en_US\" \/>\n<meta property=\"og:type\" content=\"article\" \/>\n<meta property=\"og:title\" content=\"Tretmanet\" \/>\n<meta property=\"og:description\" content=\"Stomatolog ne Prishtin\u00eb, Kosov\u00eb. - P\u00ebr m\u00eb shum\u00eb, shihni para dhe pas trajtimeve - Dentist n\u00eb Prishtin\u00eb, Klinika Dent Mex.\" \/>\n<meta property=\"og:url\" content=\"https:\/\/dentmexclinic.com\/en\/trajtime-stomatologjike\/\" \/>\n<meta property=\"og:site_name\" content=\"Dent MEX\" \/>\n<meta property=\"article:publisher\" content=\"https:\/\/www.facebook.com\/DentMexClinic\" \/>\n<meta property=\"article:modified_time\" content=\"2023-05-18T21:30:27+00:00\" \/>\n<meta property=\"og:image\" content=\"https:\/\/dentmexclinic.com\/wp-content\/uploads\/2022\/07\/Dent-MEX-Ordinanca-Stomatologjike-15.jpg\" \/>\n\t<meta property=\"og:image:width\" content=\"2048\" \/>\n\t<meta property=\"og:image:height\" content=\"1366\" \/>\n\t<meta property=\"og:image:type\" content=\"image\/jpeg\" \/>\n<meta name=\"twitter:card\" content=\"summary_large_image\" \/>\n<meta name=\"twitter:label1\" content=\"Est. reading time\" \/>\n\t<meta name=\"twitter:data1\" content=\"1 minute\" \/>\n<script type=\"application\/ld+json\" class=\"yoast-schema-graph\">{\"@context\":\"https:\\\/\\\/schema.org\",\"@graph\":[{\"@type\":\"WebPage\",\"@id\":\"https:\\\/\\\/dentmexclinic.com\\\/trajtime-stomatologjike\\\/\",\"url\":\"https:\\\/\\\/dentmexclinic.com\\\/trajtime-stomatologjike\\\/\",\"name\":\"Stomatolog ne Prishtine -Dent MEX\",\"isPartOf\":{\"@id\":\"https:\\\/\\\/dentmexclinic.com\\\/#website\"},\"primaryImageOfPage\":{\"@id\":\"https:\\\/\\\/dentmexclinic.com\\\/trajtime-stomatologjike\\\/#primaryimage\"},\"image\":{\"@id\":\"https:\\\/\\\/dentmexclinic.com\\\/trajtime-stomatologjike\\\/#primaryimage\"},\"thumbnailUrl\":\"https:\\\/\\\/dentmexclinic.com\\\/wp-content\\\/uploads\\\/2022\\\/07\\\/Dent-MEX-Ordinanca-Stomatologjike-15.jpg\",\"datePublished\":\"2022-09-09T09:58:58+00:00\",\"dateModified\":\"2023-05-18T21:30:27+00:00\",\"description\":\"Stomatolog ne Prishtin\u00eb, Kosov\u00eb. - P\u00ebr m\u00eb shum\u00eb, shihni para dhe pas trajtimeve - Dentist n\u00eb Prishtin\u00eb, Klinika Dent Mex.\",\"breadcrumb\":{\"@id\":\"https:\\\/\\\/dentmexclinic.com\\\/trajtime-stomatologjike\\\/#breadcrumb\"},\"inLanguage\":\"en-US\",\"potentialAction\":[{\"@type\":\"ReadAction\",\"target\":[\"https:\\\/\\\/dentmexclinic.com\\\/trajtime-stomatologjike\\\/\"]}]},{\"@type\":\"ImageObject\",\"inLanguage\":\"en-US\",\"@id\":\"https:\\\/\\\/dentmexclinic.com\\\/trajtime-stomatologjike\\\/#primaryimage\",\"url\":\"https:\\\/\\\/dentmexclinic.com\\\/wp-content\\\/uploads\\\/2022\\\/07\\\/Dent-MEX-Ordinanca-Stomatologjike-15.jpg\",\"contentUrl\":\"https:\\\/\\\/dentmexclinic.com\\\/wp-content\\\/uploads\\\/2022\\\/07\\\/Dent-MEX-Ordinanca-Stomatologjike-15.jpg\",\"width\":2048,\"height\":1366,\"caption\":\"Dentist in Pristina\"},{\"@type\":\"BreadcrumbList\",\"@id\":\"https:\\\/\\\/dentmexclinic.com\\\/trajtime-stomatologjike\\\/#breadcrumb\",\"itemListElement\":[{\"@type\":\"ListItem\",\"position\":1,\"name\":\"Home\",\"item\":\"https:\\\/\\\/dentmexclinic.com\\\/\"},{\"@type\":\"ListItem\",\"position\":2,\"name\":\"Tretmanet\"}]},{\"@type\":\"WebSite\",\"@id\":\"https:\\\/\\\/dentmexclinic.com\\\/#website\",\"url\":\"https:\\\/\\\/dentmexclinic.com\\\/\",\"name\":\"Dent MEX\",\"description\":\"Klinika Stomatologjike\",\"publisher\":{\"@id\":\"https:\\\/\\\/dentmexclinic.com\\\/#organization\"},\"potentialAction\":[{\"@type\":\"SearchAction\",\"target\":{\"@type\":\"EntryPoint\",\"urlTemplate\":\"https:\\\/\\\/dentmexclinic.com\\\/?s={search_term_string}\"},\"query-input\":{\"@type\":\"PropertyValueSpecification\",\"valueRequired\":true,\"valueName\":\"search_term_string\"}}],\"inLanguage\":\"en-US\"},{\"@type\":\"Organization\",\"@id\":\"https:\\\/\\\/dentmexclinic.com\\\/#organization\",\"name\":\"Ordinanca Stomatologjike DENT MEX\",\"url\":\"https:\\\/\\\/dentmexclinic.com\\\/\",\"logo\":{\"@type\":\"ImageObject\",\"inLanguage\":\"en-US\",\"@id\":\"https:\\\/\\\/dentmexclinic.com\\\/#\\\/schema\\\/logo\\\/image\\\/\",\"url\":\"https:\\\/\\\/dentmexclinic.com\\\/wp-content\\\/uploads\\\/2022\\\/07\\\/Dent-MEX-Llogo.png\",\"contentUrl\":\"https:\\\/\\\/dentmexclinic.com\\\/wp-content\\\/uploads\\\/2022\\\/07\\\/Dent-MEX-Llogo.png\",\"width\":2748,\"height\":671,\"caption\":\"Ordinanca Stomatologjike DENT MEX\"},\"image\":{\"@id\":\"https:\\\/\\\/dentmexclinic.com\\\/#\\\/schema\\\/logo\\\/image\\\/\"},\"sameAs\":[\"https:\\\/\\\/www.facebook.com\\\/DentMexClinic\",\"https:\\\/\\\/www.instagram.com\\\/dent_mex\\\/\"]}]}<\/script>\n<!-- \/ Yoast SEO Premium plugin. -->","yoast_head_json":{"title":"Stomatolog ne Prishtine -Dent MEX","description":"Stomatolog ne Prishtin\u00eb, Kosov\u00eb. - P\u00ebr m\u00eb shum\u00eb, shihni para dhe pas trajtimeve - Dentist n\u00eb Prishtin\u00eb, Klinika Dent Mex.","robots":{"index":"index","follow":"follow","max-snippet":"max-snippet:-1","max-image-preview":"max-image-preview:large","max-video-preview":"max-video-preview:-1"},"canonical":"https:\/\/dentmexclinic.com\/en\/trajtime-stomatologjike\/","og_locale":"en_US","og_type":"article","og_title":"Tretmanet","og_description":"Stomatolog ne Prishtin\u00eb, Kosov\u00eb. - P\u00ebr m\u00eb shum\u00eb, shihni para dhe pas trajtimeve - Dentist n\u00eb Prishtin\u00eb, Klinika Dent Mex.","og_url":"https:\/\/dentmexclinic.com\/en\/trajtime-stomatologjike\/","og_site_name":"Dent MEX","article_publisher":"https:\/\/www.facebook.com\/DentMexClinic","article_modified_time":"2023-05-18T21:30:27+00:00","og_image":[{"width":2048,"height":1366,"url":"https:\/\/dentmexclinic.com\/wp-content\/uploads\/2022\/07\/Dent-MEX-Ordinanca-Stomatologjike-15.jpg","type":"image\/jpeg"}],"twitter_card":"summary_large_image","twitter_misc":{"Est. reading time":"1 minute"},"schema":{"@context":"https:\/\/schema.org","@graph":[{"@type":"WebPage","@id":"https:\/\/dentmexclinic.com\/trajtime-stomatologjike\/","url":"https:\/\/dentmexclinic.com\/trajtime-stomatologjike\/","name":"Stomatolog ne Prishtine -Dent MEX","isPartOf":{"@id":"https:\/\/dentmexclinic.com\/#website"},"primaryImageOfPage":{"@id":"https:\/\/dentmexclinic.com\/trajtime-stomatologjike\/#primaryimage"},"image":{"@id":"https:\/\/dentmexclinic.com\/trajtime-stomatologjike\/#primaryimage"},"thumbnailUrl":"https:\/\/dentmexclinic.com\/wp-content\/uploads\/2022\/07\/Dent-MEX-Ordinanca-Stomatologjike-15.jpg","datePublished":"2022-09-09T09:58:58+00:00","dateModified":"2023-05-18T21:30:27+00:00","description":"Stomatolog ne Prishtin\u00eb, Kosov\u00eb. - P\u00ebr m\u00eb shum\u00eb, shihni para dhe pas trajtimeve - Dentist n\u00eb Prishtin\u00eb, Klinika Dent Mex.","breadcrumb":{"@id":"https:\/\/dentmexclinic.com\/trajtime-stomatologjike\/#breadcrumb"},"inLanguage":"en-US","potentialAction":[{"@type":"ReadAction","target":["https:\/\/dentmexclinic.com\/trajtime-stomatologjike\/"]}]},{"@type":"ImageObject","inLanguage":"en-US","@id":"https:\/\/dentmexclinic.com\/trajtime-stomatologjike\/#primaryimage","url":"https:\/\/dentmexclinic.com\/wp-content\/uploads\/2022\/07\/Dent-MEX-Ordinanca-Stomatologjike-15.jpg","contentUrl":"https:\/\/dentmexclinic.com\/wp-content\/uploads\/2022\/07\/Dent-MEX-Ordinanca-Stomatologjike-15.jpg","width":2048,"height":1366,"caption":"Dentist in Pristina"},{"@type":"BreadcrumbList","@id":"https:\/\/dentmexclinic.com\/trajtime-stomatologjike\/#breadcrumb","itemListElement":[{"@type":"ListItem","position":1,"name":"Home","item":"https:\/\/dentmexclinic.com\/"},{"@type":"ListItem","position":2,"name":"Tretmanet"}]},{"@type":"WebSite","@id":"https:\/\/dentmexclinic.com\/#website","url":"https:\/\/dentmexclinic.com\/","name":"Dent Mex","description":"Dental Clinic","publisher":{"@id":"https:\/\/dentmexclinic.com\/#organization"},"potentialAction":[{"@type":"SearchAction","target":{"@type":"EntryPoint","urlTemplate":"https:\/\/dentmexclinic.com\/?s={search_term_string}"},"query-input":{"@type":"PropertyValueSpecification","valueRequired":true,"valueName":"search_term_string"}}],"inLanguage":"en-US"},{"@type":"Organization","@id":"https:\/\/dentmexclinic.com\/#organization","name":"Dental Clinic DENT MEX","url":"https:\/\/dentmexclinic.com\/","logo":{"@type":"ImageObject","inLanguage":"en-US","@id":"https:\/\/dentmexclinic.com\/#\/schema\/logo\/image\/","url":"https:\/\/dentmexclinic.com\/wp-content\/uploads\/2022\/07\/Dent-MEX-Llogo.png","contentUrl":"https:\/\/dentmexclinic.com\/wp-content\/uploads\/2022\/07\/Dent-MEX-Llogo.png","width":2748,"height":671,"caption":"Ordinanca Stomatologjike DENT MEX"},"image":{"@id":"https:\/\/dentmexclinic.com\/#\/schema\/logo\/image\/"},"sameAs":["https:\/\/www.facebook.com\/DentMexClinic","https:\/\/www.instagram.com\/dent_mex\/"]}]}},"_links":{"self":[{"href":"https:\/\/dentmexclinic.com\/en\/wp-json\/wp\/v2\/pages\/560","targetHints":{"allow":["GET"]}}],"collection":[{"href":"https:\/\/dentmexclinic.com\/en\/wp-json\/wp\/v2\/pages"}],"about":[{"href":"https:\/\/dentmexclinic.com\/en\/wp-json\/wp\/v2\/types\/page"}],"author":[{"embeddable":true,"href":"https:\/\/dentmexclinic.com\/en\/wp-json\/wp\/v2\/users\/1"}],"replies":[{"embeddable":true,"href":"https:\/\/dentmexclinic.com\/en\/wp-json\/wp\/v2\/comments?post=560"}],"version-history":[{"count":5,"href":"https:\/\/dentmexclinic.com\/en\/wp-json\/wp\/v2\/pages\/560\/revisions"}],"predecessor-version":[{"id":813,"href":"https:\/\/dentmexclinic.com\/en\/wp-json\/wp\/v2\/pages\/560\/revisions\/813"}],"wp:featuredmedia":[{"embeddable":true,"href":"https:\/\/dentmexclinic.com\/en\/wp-json\/wp\/v2\/media\/125"}],"wp:attachment":[{"href":"https:\/\/dentmexclinic.com\/en\/wp-json\/wp\/v2\/media?parent=560"}],"curies":[{"name":"wp","href":"https:\/\/api.w.org\/{rel}","templated":true}]}}