{"id":214,"date":"2022-07-22T21:46:46","date_gmt":"2022-07-22T21:46:46","guid":{"rendered":"https:\/\/dentmexclinic.com\/?page_id=214"},"modified":"2026-03-16T10:36:16","modified_gmt":"2026-03-16T08:36:16","slug":"contact","status":"publish","type":"page","link":"https:\/\/dentmexclinic.com\/en\/contact\/","title":{"rendered":"Contact"},"content":{"rendered":"<div class=\"banner has-hover\" id=\"banner-1940573267\">\n          <div class=\"banner-inner fill\">\n        <div class=\"banner-bg fill\" >\n            <img loading=\"lazy\" decoding=\"async\" width=\"2048\" height=\"1366\" src=\"https:\/\/dentmexclinic.com\/wp-content\/uploads\/2022\/07\/Dent-MEX-Ordinanca-Stomatologjike-1.jpg\" class=\"bg attachment-original size-original\" alt=\"\" \/>                        <div class=\"overlay\"><\/div>            \n                    <\/div>\n\t\t\n        <div class=\"banner-layers container\">\n            <div class=\"fill banner-link\"><\/div>            \n   <div id=\"text-box-1830615038\" class=\"text-box banner-layer x50 md-x0 lg-x0 y70 md-y50 lg-y50 res-text\">\n                                <div class=\"text-box-content text dark\">\n              \n              <div class=\"text-inner text-left\">\n                  \n\t<div id=\"text-2388550480\" class=\"text\">\n\t\t\n<h6 class=\"uppercase\">Dent Mex<\/h6>\n<h2 class=\"uppercase\"><span style=\"font-size: 100%;\">Contact US<\/span><\/h2>\n<p><span style=\"font-size: 1%;\">Dentist Prishtin\u00eb<\/span><\/p>\n\t\t\n<style>\n#text-2388550480 {\n  font-size: 0.8rem;\n  text-align: left;\n}\n@media (min-width:550px) {\n  #text-2388550480 {\n    font-size: 1.3rem;\n  }\n}\n<\/style>\n\t<\/div>\n\t\n              <\/div>\n           <\/div>\n                            \n<style>\n#text-box-1830615038 {\n  width: 95%;\n}\n#text-box-1830615038 .text-box-content {\n  font-size: 100%;\n}\n@media (min-width:550px) {\n  #text-box-1830615038 {\n    width: 55%;\n  }\n}\n<\/style>\n    <\/div>\n \n        <\/div>\n      <\/div>\n\n            \n<style>\n#banner-1940573267 {\n  padding-top: 480px;\n}\n#banner-1940573267 .overlay {\n  background-color: rgba(0,0,0,.5);\n}\n#banner-1940573267 .banner-bg img {\n  object-position: 38% 74%;\n}\n@media (min-width:550px) {\n  #banner-1940573267 {\n    padding-top: 620px;\n  }\n}\n<\/style>\n  <\/div>\n\n\n\t<div id=\"gap-1513803436\" class=\"gap-element clearfix show-for-small\" style=\"display:block; height:auto;\">\n\t\t\n<style>\n#gap-1513803436 {\n  padding-top: 50px;\n}\n@media (min-width:550px) {\n  #gap-1513803436 {\n    padding-top: 160px;\n  }\n}\n<\/style>\n\t<\/div>\n\t\n\n\t<section class=\"section\" id=\"section_499186970\">\n\t\t<div class=\"section-bg fill\" >\n\t\t\t\t\t\t\t\t\t\n\t\t\t\n\n\t\t<\/div>\n\n\t\t\t<div class=\"ux-shape-divider ux-shape-divider--top ux-shape-divider--style-arrow-2\">\n\t\t<svg viewbox=\"0 0 1000 100\" xmlns=\"http:\/\/www.w3.org\/2000\/svg\" preserveaspectratio=\"none\">\n\t<path class=\"ux-shape-fill\" d=\"M1000 100H0L0 96H480.929C482.255 96 483.527 95.4732 484.464 94.5355L497.879 81.1213C499.05 79.9497 500.95 79.9497 502.121 81.1213L515.536 94.5355C516.473 95.4732 517.745 96 519.071 96H1000V100Z\"\/>\n<\/svg>\n\t<\/div>\n\n\n\t\t<div class=\"section-content relative\">\n\t\t\t\n<div class=\"is-divider divider clearfix\" style=\"margin-top:0px;margin-bottom:0px;max-width:2000px;height:1px;background-color:rgba(0, 0, 0, 0);\"><\/div>\n<div class=\"row align-middle align-center row-divided\"  id=\"row-1807673268\">\n\n\t<div id=\"col-1638363030\" class=\"col medium-4 small-12 large-4\"  >\n\t\t\t\t<div class=\"col-inner\" style=\"background-color:rgb(255,255,255);\" >\n\t\t\t\n\t\t\t\n\n\t<a class=\"plain\" href=\"tel:+38344108000\" target=\"_blank\" rel=\"noopener\" >\t<div class=\"icon-box featured-box icon-box-left text-left\"  >\n\t\t\t\t\t<div class=\"icon-box-img\" style=\"width: 60px\">\n\t\t\t\t<div class=\"icon\">\n\t\t\t\t\t<div class=\"icon-inner\" >\n\t\t\t\t\t\t<img loading=\"lazy\" decoding=\"async\" width=\"300\" height=\"300\" src=\"https:\/\/dentmexclinic.com\/wp-content\/uploads\/2022\/07\/Phone-300x300.png\" class=\"attachment-medium size-medium\" alt=\"\" srcset=\"https:\/\/dentmexclinic.com\/wp-content\/uploads\/2022\/07\/Phone-300x300.png 300w, https:\/\/dentmexclinic.com\/wp-content\/uploads\/2022\/07\/Phone-1022x1024.png 1022w, https:\/\/dentmexclinic.com\/wp-content\/uploads\/2022\/07\/Phone-150x150.png 150w, https:\/\/dentmexclinic.com\/wp-content\/uploads\/2022\/07\/Phone-768x770.png 768w, https:\/\/dentmexclinic.com\/wp-content\/uploads\/2022\/07\/Phone-12x12.png 12w, https:\/\/dentmexclinic.com\/wp-content\/uploads\/2022\/07\/Phone.png 1247w\" sizes=\"auto, (max-width: 300px) 100vw, 300px\" \/>\t\t\t\t\t<\/div>\n\t\t\t\t<\/div>\n\t\t\t<\/div>\n\t\t\t\t<div class=\"icon-box-text last-reset\">\n\t\t\t\t\t\t\t\t\t\n<h5><span style=\"color: #ffffff;\">&#8211;<\/span><br \/>\n+383 44 108 000<\/h5>\n\t\t<\/div>\n\t<\/div>\n\t<\/a>\n\t\n\t\t<\/div>\n\t\t\t\t\n<style>\n#col-1638363030 > .col-inner {\n  padding: 0px 0px 0px 18px;\n  margin: 0 0px 0px 0px;\n  border-radius: 5px;\n}\n@media (min-width:550px) {\n  #col-1638363030 > .col-inner {\n    padding: 30px 30px 30px 30px;\n    margin: -120px 0px 0px 0px;\n  }\n}\n<\/style>\n\t<\/div>\n\n\t\n\n\t<div id=\"col-1228089851\" class=\"col medium-4 small-12 large-4\"  >\n\t\t\t\t<div class=\"col-inner\" style=\"background-color:rgb(255,255,255);\" >\n\t\t\t\n\t\t\t\n\n\t<a class=\"plain\" href=\"mailto:info@dentmexclinic.com\" target=\"_blank\" rel=\"noopener\" >\t<div class=\"icon-box featured-box icon-box-left text-left\"  >\n\t\t\t\t\t<div class=\"icon-box-img\" style=\"width: 60px\">\n\t\t\t\t<div class=\"icon\">\n\t\t\t\t\t<div class=\"icon-inner\" >\n\t\t\t\t\t\t<img loading=\"lazy\" decoding=\"async\" width=\"300\" height=\"300\" src=\"https:\/\/dentmexclinic.com\/wp-content\/uploads\/2022\/07\/Mail-300x300.png\" class=\"attachment-medium size-medium\" alt=\"\" srcset=\"https:\/\/dentmexclinic.com\/wp-content\/uploads\/2022\/07\/Mail-300x300.png 300w, https:\/\/dentmexclinic.com\/wp-content\/uploads\/2022\/07\/Mail-1024x1024.png 1024w, https:\/\/dentmexclinic.com\/wp-content\/uploads\/2022\/07\/Mail-150x150.png 150w, https:\/\/dentmexclinic.com\/wp-content\/uploads\/2022\/07\/Mail-768x768.png 768w, https:\/\/dentmexclinic.com\/wp-content\/uploads\/2022\/07\/Mail-12x12.png 12w, https:\/\/dentmexclinic.com\/wp-content\/uploads\/2022\/07\/Mail.png 1251w\" sizes=\"auto, (max-width: 300px) 100vw, 300px\" \/>\t\t\t\t\t<\/div>\n\t\t\t\t<\/div>\n\t\t\t<\/div>\n\t\t\t\t<div class=\"icon-box-text last-reset\">\n\t\t\t\t\t\t\t\t\t\n<h5><span style=\"color: #ffffff;\">&#8211;<\/span><br \/>\ninfo@dentmexclinic.com<\/h5>\n\t\t<\/div>\n\t<\/div>\n\t<\/a>\n\t\n\t\t<\/div>\n\t\t\t\t\n<style>\n#col-1228089851 > .col-inner {\n  padding: 0px 0px 0px 18px;\n  margin: 0 0px 0px 0px;\n  border-radius: 5px;\n}\n@media (min-width:550px) {\n  #col-1228089851 > .col-inner {\n    padding: 30px 30px 30px 30px;\n    margin: -120px 0px 0px 0px;\n  }\n}\n<\/style>\n\t<\/div>\n\n\t\n\n\t<div id=\"col-1141489640\" class=\"col medium-4 small-12 large-4\"  >\n\t\t\t\t<div class=\"col-inner\" style=\"background-color:rgb(255,255,255);\" >\n\t\t\t\n\t\t\t\n\n\t<a class=\"plain\" href=\"https:\/\/www.google.com\/maps\/dir\/\/Dent+MEX+XK+XK+Enver+Maloku+Prishtina+10000\/@42.647276,21.1835101,14z\/data=!4m5!4m4!1m0!1m2!1m1!1s0x13549f29188aef75:0x987cf9289c3141c\" target=\"_blank\" rel=\"noopener\" >\t<div class=\"icon-box featured-box icon-box-left text-left\"  >\n\t\t\t\t\t<div class=\"icon-box-img\" style=\"width: 60px\">\n\t\t\t\t<div class=\"icon\">\n\t\t\t\t\t<div class=\"icon-inner\" >\n\t\t\t\t\t\t<?xml version=\"1.0\" encoding=\"UTF-8\"?> <!-- Generator: Adobe Illustrator 19.0.0, SVG Export Plug-In . SVG Version: 6.00 Build 0) --> <svg xmlns=\"http:\/\/www.w3.org\/2000\/svg\" xmlns:xlink=\"http:\/\/www.w3.org\/1999\/xlink\" id=\"Capa_1\" x=\"0px\" y=\"0px\" viewbox=\"0 0 512 512\" style=\"enable-background:new 0 0 512 512;\" xml:space=\"preserve\"> <g> <g> <path d=\"M399.292,267.208c-15.747-29.813-40.315-55.432-69.275-73.206l-8.746-67.596c25.003-19.539,41.396-49.624,41.396-83.74 C362.667,13.354,307.375,0,256,0S149.333,13.354,149.333,42.667c0,34.118,16.395,64.204,41.401,83.743l-8.772,67.612 c-28.947,17.758-53.506,43.361-69.254,73.186c-6.729,12.719-7.896,28.198-3.229,42.448c4.271,13.031,13.146,23.604,24.323,29.021 c33.534,16.259,71.794,21.91,102.813,23.444L245.354,502c0.354,5.625,5.01,10,10.646,10c5.635,0,10.292-4.375,10.646-10 l8.74-139.879c31.018-1.534,69.277-7.184,102.802-23.434c11.188-5.427,20.063-16,24.333-29.031 C407.188,295.406,406.021,279.927,399.292,267.208z M170.667,42.667c0-5.479,29.344-21.333,85.333-21.333 s85.333,15.854,85.333,21.333C341.333,48.146,311.99,64,256,64S170.667,48.146,170.667,42.667z M176.262,72.246 c20.835,8.876,50.9,13.087,79.738,13.087s58.904-4.211,79.738-13.087C323.651,104.701,292.613,128,256,128 S188.349,104.701,176.262,72.246z M308.729,195.75c-6.854,5.792-24.302,17.583-52.729,17.583c-28.49,0-45.948-11.969-52.729-17.76 l7.357-56.751c13.82,6.553,29.089,10.512,45.372,10.512c16.279,0,31.543-3.956,45.359-10.505L308.729,195.75z M382.25,303.01 c-2.479,7.563-7.354,13.563-13.365,16.479c-29.063,14.083-69.156,21.844-112.885,21.844s-83.823-7.76-112.896-21.854 c-6-2.906-10.875-8.906-13.354-16.469c-2.875-8.781-2.219-18.208,1.813-25.844c13.475-25.509,35.15-48.23,59.872-63.871 c10.413,8.332,31.776,21.371,64.565,21.371c32.918,0,54.329-13.04,64.684-21.293c24.673,15.652,46.299,38.344,59.754,63.793 C384.469,284.802,385.125,294.229,382.25,303.01z\"><\/path> <\/g> <\/g> <g> <\/g> <g> <\/g> <g> <\/g> <g> <\/g> <g> <\/g> <g> <\/g> <g> <\/g> <g> <\/g> <g> <\/g> <g> <\/g> <g> <\/g> <g> <\/g> <g> <\/g> <g> <\/g> <g> <\/g> <\/svg> \t\t\t\t\t<\/div>\n\t\t\t\t<\/div>\n\t\t\t<\/div>\n\t\t\t\t<div class=\"icon-box-text last-reset\">\n\t\t\t\t\t\t\t\t\t\n<h5>H2 L3, Ali Vitija, <\/h5>\n<p>10000 Pristina,<br \/>\nKosovo<\/p>\n\t\t<\/div>\n\t<\/div>\n\t<\/a>\n\t\n\t\t<\/div>\n\t\t\t\t\n<style>\n#col-1141489640 > .col-inner {\n  padding: 0px 0px 0px 18px;\n  margin: 0 0px 0px 0px;\n  border-radius: 5px;\n}\n@media (min-width:550px) {\n  #col-1141489640 > .col-inner {\n    padding: 30px 30px 30px 30px;\n    margin: -120px 0px 0px 0px;\n  }\n}\n<\/style>\n\t<\/div>\n\n\t\n<\/div>\n<div class=\"row\"  id=\"row-1780607742\">\n\n\t<div id=\"col-713684399\" class=\"col small-12 large-12\"  >\n\t\t\t\t<div class=\"col-inner\"  >\n\t\t\t\n\t\t\t\n\t<div id=\"gap-784061597\" class=\"gap-element clearfix\" style=\"display:block; height:auto;\">\n\t\t\n<style>\n#gap-784061597 {\n  padding-top: 32px;\n}\n@media (min-width:550px) {\n  #gap-784061597 {\n    padding-top: 30px;\n  }\n}\n<\/style>\n\t<\/div>\n\t\n\t\t<\/div>\n\t\t\t\t\t<\/div>\n\n\t\n<\/div>\n\t\t<\/div>\n\n\t\t\n<style>\n#section_499186970 {\n  padding-top: 0px;\n  padding-bottom: 0px;\n}\n#section_499186970 .ux-shape-divider--top svg {\n  height: 64px;\n  --divider-top-width: 247%;\n}\n@media (min-width:550px) {\n  #section_499186970 .ux-shape-divider--top svg {\n    height: 150px;\n    --divider-top-width: 100%;\n  }\n}\n<\/style>\n\t<\/section>\n\t\n<div class=\"row\"  id=\"row-127396506\">\n\n\t<div id=\"col-1425691011\" class=\"col small-12 large-12\"  >\n\t\t\t\t<div class=\"col-inner\"  >\n\t\t\t\n\t\t\t\n\n<p><iframe loading=\"lazy\" style=\"border: 0;\" src=\"https:\/\/www.google.com\/maps\/embed?pb=!1m14!1m8!1m3!1d11738.657240517741!2d21.1835101!3d42.647276!3m2!1i1024!2i768!4f13.1!3m3!1m2!1s0x0%3A0x987cf9289c3141c!2sDent%20MEX!5e0!3m2!1sen!2s!4v1658530865450!5m2!1sen!2s\" width=\"1200\" height=\"280\" allowfullscreen=\"allowfullscreen\"><\/iframe><br \/>\n\n\t\t<\/div>\n\t\t\t\t\t<\/div>\n\n\t\n<\/div>","protected":false},"excerpt":{"rendered":"","protected":false},"author":1,"featured_media":69,"parent":0,"menu_order":0,"comment_status":"closed","ping_status":"closed","template":"page-transparent-header-light.php","meta":{"footnotes":""},"class_list":["post-214","page","type-page","status-publish","has-post-thumbnail","hentry"],"yoast_head":"<!-- This site is optimized with the Yoast SEO Premium plugin v23.3 (Yoast SEO v27.3) - https:\/\/yoast.com\/product\/yoast-seo-premium-wordpress\/ -->\n<title>Dentist n\u00eb Prishtin\u00eb - Dent MEX<\/title>\n<meta name=\"description\" content=\"Dentist n\u00eb Prishtin\u00eb, Dr. Donart Mexhuani Ordinanca Dent Mex, Rruga C | Banesat BS Group,10000 Prishtin\u00eb,Kosov\u00eb.\" \/>\n<meta name=\"robots\" content=\"index, follow, max-snippet:-1, max-image-preview:large, max-video-preview:-1\" \/>\n<link rel=\"canonical\" href=\"https:\/\/dentmexclinic.com\/en\/contact\/\" \/>\n<meta property=\"og:locale\" content=\"en_US\" \/>\n<meta property=\"og:type\" content=\"article\" \/>\n<meta property=\"og:title\" content=\"Kontakti\" \/>\n<meta property=\"og:description\" content=\"Dentist n\u00eb Prishtin\u00eb, Dr. Donart Mexhuani Ordinanca Dent Mex, Rruga C | Banesat BS Group,10000 Prishtin\u00eb,Kosov\u00eb.\" \/>\n<meta property=\"og:url\" content=\"https:\/\/dentmexclinic.com\/en\/contact\/\" \/>\n<meta property=\"og:site_name\" content=\"Dent MEX\" \/>\n<meta property=\"article:publisher\" content=\"https:\/\/www.facebook.com\/DentMexClinic\" \/>\n<meta property=\"article:modified_time\" content=\"2026-03-16T08:36:16+00:00\" \/>\n<meta property=\"og:image\" content=\"https:\/\/dentmexclinic.com\/wp-content\/uploads\/2022\/07\/dr-donart-1.webp\" \/>\n\t<meta property=\"og:image:width\" content=\"600\" \/>\n\t<meta property=\"og:image:height\" content=\"592\" \/>\n\t<meta property=\"og:image:type\" content=\"image\/webp\" \/>\n<meta name=\"twitter:card\" content=\"summary_large_image\" \/>\n<meta name=\"twitter:label1\" content=\"Est. reading time\" \/>\n\t<meta name=\"twitter:data1\" content=\"1 minute\" \/>\n<script type=\"application\/ld+json\" class=\"yoast-schema-graph\">{\"@context\":\"https:\\\/\\\/schema.org\",\"@graph\":[{\"@type\":\"WebPage\",\"@id\":\"https:\\\/\\\/dentmexclinic.com\\\/contact\\\/\",\"url\":\"https:\\\/\\\/dentmexclinic.com\\\/contact\\\/\",\"name\":\"Dentist n\u00eb Prishtin\u00eb - Dent MEX\",\"isPartOf\":{\"@id\":\"https:\\\/\\\/dentmexclinic.com\\\/#website\"},\"primaryImageOfPage\":{\"@id\":\"https:\\\/\\\/dentmexclinic.com\\\/contact\\\/#primaryimage\"},\"image\":{\"@id\":\"https:\\\/\\\/dentmexclinic.com\\\/contact\\\/#primaryimage\"},\"thumbnailUrl\":\"https:\\\/\\\/dentmexclinic.com\\\/wp-content\\\/uploads\\\/2022\\\/07\\\/dr-donart-1.webp\",\"datePublished\":\"2022-07-22T21:46:46+00:00\",\"dateModified\":\"2026-03-16T08:36:16+00:00\",\"description\":\"Dentist n\u00eb Prishtin\u00eb, Dr. Donart Mexhuani Ordinanca Dent Mex, Rruga C | Banesat BS Group,10000 Prishtin\u00eb,Kosov\u00eb.\",\"breadcrumb\":{\"@id\":\"https:\\\/\\\/dentmexclinic.com\\\/contact\\\/#breadcrumb\"},\"inLanguage\":\"en-US\",\"potentialAction\":[{\"@type\":\"ReadAction\",\"target\":[\"https:\\\/\\\/dentmexclinic.com\\\/contact\\\/\"]}]},{\"@type\":\"ImageObject\",\"inLanguage\":\"en-US\",\"@id\":\"https:\\\/\\\/dentmexclinic.com\\\/contact\\\/#primaryimage\",\"url\":\"https:\\\/\\\/dentmexclinic.com\\\/wp-content\\\/uploads\\\/2022\\\/07\\\/dr-donart-1.webp\",\"contentUrl\":\"https:\\\/\\\/dentmexclinic.com\\\/wp-content\\\/uploads\\\/2022\\\/07\\\/dr-donart-1.webp\",\"width\":600,\"height\":592,\"caption\":\"Dentist n\u00eb Prishtin\u00eb\"},{\"@type\":\"BreadcrumbList\",\"@id\":\"https:\\\/\\\/dentmexclinic.com\\\/contact\\\/#breadcrumb\",\"itemListElement\":[{\"@type\":\"ListItem\",\"position\":1,\"name\":\"Home\",\"item\":\"https:\\\/\\\/dentmexclinic.com\\\/\"},{\"@type\":\"ListItem\",\"position\":2,\"name\":\"Kontakti\"}]},{\"@type\":\"WebSite\",\"@id\":\"https:\\\/\\\/dentmexclinic.com\\\/#website\",\"url\":\"https:\\\/\\\/dentmexclinic.com\\\/\",\"name\":\"Dent MEX\",\"description\":\"Klinika Stomatologjike\",\"publisher\":{\"@id\":\"https:\\\/\\\/dentmexclinic.com\\\/#organization\"},\"potentialAction\":[{\"@type\":\"SearchAction\",\"target\":{\"@type\":\"EntryPoint\",\"urlTemplate\":\"https:\\\/\\\/dentmexclinic.com\\\/?s={search_term_string}\"},\"query-input\":{\"@type\":\"PropertyValueSpecification\",\"valueRequired\":true,\"valueName\":\"search_term_string\"}}],\"inLanguage\":\"en-US\"},{\"@type\":\"Organization\",\"@id\":\"https:\\\/\\\/dentmexclinic.com\\\/#organization\",\"name\":\"Ordinanca Stomatologjike DENT MEX\",\"url\":\"https:\\\/\\\/dentmexclinic.com\\\/\",\"logo\":{\"@type\":\"ImageObject\",\"inLanguage\":\"en-US\",\"@id\":\"https:\\\/\\\/dentmexclinic.com\\\/#\\\/schema\\\/logo\\\/image\\\/\",\"url\":\"https:\\\/\\\/dentmexclinic.com\\\/wp-content\\\/uploads\\\/2022\\\/07\\\/Dent-MEX-Llogo.png\",\"contentUrl\":\"https:\\\/\\\/dentmexclinic.com\\\/wp-content\\\/uploads\\\/2022\\\/07\\\/Dent-MEX-Llogo.png\",\"width\":2748,\"height\":671,\"caption\":\"Ordinanca Stomatologjike DENT MEX\"},\"image\":{\"@id\":\"https:\\\/\\\/dentmexclinic.com\\\/#\\\/schema\\\/logo\\\/image\\\/\"},\"sameAs\":[\"https:\\\/\\\/www.facebook.com\\\/DentMexClinic\",\"https:\\\/\\\/www.instagram.com\\\/dent_mex\\\/\"]}]}<\/script>\n<!-- \/ Yoast SEO Premium plugin. -->","yoast_head_json":{"title":"Dentistry in Pristina - Dent MEX","description":"Dentist in Pristina, Dr. Donart Mexhuani, Dent Mex clinic, Street C | Object, BS Group, 10000 Pristina, Kosovo.","robots":{"index":"index","follow":"follow","max-snippet":"max-snippet:-1","max-image-preview":"max-image-preview:large","max-video-preview":"max-video-preview:-1"},"canonical":"https:\/\/dentmexclinic.com\/en\/contact\/","og_locale":"en_US","og_type":"article","og_title":"Kontakti","og_description":"Dentist n\u00eb Prishtin\u00eb, Dr. Donart Mexhuani Ordinanca Dent Mex, Rruga C | Banesat BS Group,10000 Prishtin\u00eb,Kosov\u00eb.","og_url":"https:\/\/dentmexclinic.com\/en\/contact\/","og_site_name":"Dent MEX","article_publisher":"https:\/\/www.facebook.com\/DentMexClinic","article_modified_time":"2026-03-16T08:36:16+00:00","og_image":[{"width":600,"height":592,"url":"https:\/\/dentmexclinic.com\/wp-content\/uploads\/2022\/07\/dr-donart-1.webp","type":"image\/webp"}],"twitter_card":"summary_large_image","twitter_misc":{"Est. reading time":"1 minute"},"schema":{"@context":"https:\/\/schema.org","@graph":[{"@type":"WebPage","@id":"https:\/\/dentmexclinic.com\/contact\/","url":"https:\/\/dentmexclinic.com\/contact\/","name":"Dentistry in Pristina - Dent MEX","isPartOf":{"@id":"https:\/\/dentmexclinic.com\/#website"},"primaryImageOfPage":{"@id":"https:\/\/dentmexclinic.com\/contact\/#primaryimage"},"image":{"@id":"https:\/\/dentmexclinic.com\/contact\/#primaryimage"},"thumbnailUrl":"https:\/\/dentmexclinic.com\/wp-content\/uploads\/2022\/07\/dr-donart-1.webp","datePublished":"2022-07-22T21:46:46+00:00","dateModified":"2026-03-16T08:36:16+00:00","description":"Dentist in Pristina, Dr. Donart Mexhuani, Dent Mex clinic, Street C | Object, BS Group, 10000 Pristina, Kosovo.","breadcrumb":{"@id":"https:\/\/dentmexclinic.com\/contact\/#breadcrumb"},"inLanguage":"en-US","potentialAction":[{"@type":"ReadAction","target":["https:\/\/dentmexclinic.com\/contact\/"]}]},{"@type":"ImageObject","inLanguage":"en-US","@id":"https:\/\/dentmexclinic.com\/contact\/#primaryimage","url":"https:\/\/dentmexclinic.com\/wp-content\/uploads\/2022\/07\/dr-donart-1.webp","contentUrl":"https:\/\/dentmexclinic.com\/wp-content\/uploads\/2022\/07\/dr-donart-1.webp","width":600,"height":592,"caption":"Dentist n\u00eb Prishtin\u00eb"},{"@type":"BreadcrumbList","@id":"https:\/\/dentmexclinic.com\/contact\/#breadcrumb","itemListElement":[{"@type":"ListItem","position":1,"name":"Home","item":"https:\/\/dentmexclinic.com\/"},{"@type":"ListItem","position":2,"name":"Kontakti"}]},{"@type":"WebSite","@id":"https:\/\/dentmexclinic.com\/#website","url":"https:\/\/dentmexclinic.com\/","name":"Dent Mex","description":"Dental Clinic","publisher":{"@id":"https:\/\/dentmexclinic.com\/#organization"},"potentialAction":[{"@type":"SearchAction","target":{"@type":"EntryPoint","urlTemplate":"https:\/\/dentmexclinic.com\/?s={search_term_string}"},"query-input":{"@type":"PropertyValueSpecification","valueRequired":true,"valueName":"search_term_string"}}],"inLanguage":"en-US"},{"@type":"Organization","@id":"https:\/\/dentmexclinic.com\/#organization","name":"Dental Clinic DENT MEX","url":"https:\/\/dentmexclinic.com\/","logo":{"@type":"ImageObject","inLanguage":"en-US","@id":"https:\/\/dentmexclinic.com\/#\/schema\/logo\/image\/","url":"https:\/\/dentmexclinic.com\/wp-content\/uploads\/2022\/07\/Dent-MEX-Llogo.png","contentUrl":"https:\/\/dentmexclinic.com\/wp-content\/uploads\/2022\/07\/Dent-MEX-Llogo.png","width":2748,"height":671,"caption":"Ordinanca Stomatologjike DENT MEX"},"image":{"@id":"https:\/\/dentmexclinic.com\/#\/schema\/logo\/image\/"},"sameAs":["https:\/\/www.facebook.com\/DentMexClinic","https:\/\/www.instagram.com\/dent_mex\/"]}]}},"_links":{"self":[{"href":"https:\/\/dentmexclinic.com\/en\/wp-json\/wp\/v2\/pages\/214","targetHints":{"allow":["GET"]}}],"collection":[{"href":"https:\/\/dentmexclinic.com\/en\/wp-json\/wp\/v2\/pages"}],"about":[{"href":"https:\/\/dentmexclinic.com\/en\/wp-json\/wp\/v2\/types\/page"}],"author":[{"embeddable":true,"href":"https:\/\/dentmexclinic.com\/en\/wp-json\/wp\/v2\/users\/1"}],"replies":[{"embeddable":true,"href":"https:\/\/dentmexclinic.com\/en\/wp-json\/wp\/v2\/comments?post=214"}],"version-history":[{"count":6,"href":"https:\/\/dentmexclinic.com\/en\/wp-json\/wp\/v2\/pages\/214\/revisions"}],"predecessor-version":[{"id":944,"href":"https:\/\/dentmexclinic.com\/en\/wp-json\/wp\/v2\/pages\/214\/revisions\/944"}],"wp:featuredmedia":[{"embeddable":true,"href":"https:\/\/dentmexclinic.com\/en\/wp-json\/wp\/v2\/media\/69"}],"wp:attachment":[{"href":"https:\/\/dentmexclinic.com\/en\/wp-json\/wp\/v2\/media?parent=214"}],"curies":[{"name":"wp","href":"https:\/\/api.w.org\/{rel}","templated":true}]}}